{"id":71,"date":"2025-07-04T11:01:41","date_gmt":"2025-07-04T09:01:41","guid":{"rendered":"https:\/\/ribas.wolfsrudel-agentur.com\/?page_id=71"},"modified":"2026-03-23T14:08:03","modified_gmt":"2026-03-23T13:08:03","slug":"leistungen","status":"publish","type":"page","link":"https:\/\/ribas.wolfsrudel-agentur.com\/es\/leistungen\/","title":{"rendered":"Servicios"},"content":{"rendered":"<div data-elementor-type=\"wp-page\" data-elementor-id=\"71\" class=\"elementor elementor-71\" data-elementor-post-type=\"page\">\n\t\t\t\t<div class=\"elementor-element elementor-element-c2700bb e-flex e-con-boxed e-con e-parent\" data-id=\"c2700bb\" data-element_type=\"container\" data-e-type=\"container\" data-settings=\"{&quot;background_background&quot;:&quot;classic&quot;}\">\n\t\t\t\t\t<div class=\"e-con-inner\">\n\t\t\t\t<div class=\"elementor-element elementor-element-f6462b7 elementor-invisible elementor-widget elementor-widget-heading\" data-id=\"f6462b7\" data-element_type=\"widget\" data-e-type=\"widget\" data-settings=\"{&quot;_animation&quot;:&quot;fadeIn&quot;}\" data-widget_type=\"heading.default\">\n\t\t\t\t<div class=\"elementor-widget-container\">\n\t\t\t\t\t<h2 class=\"elementor-heading-title elementor-size-default\">LEISTUNGEN<\/h2>\t\t\t\t<\/div>\n\t\t\t\t<\/div>\n\t\t\t\t\t<\/div>\n\t\t\t\t<\/div>\n\t\t<div class=\"elementor-element elementor-element-86eaaa7 e-flex e-con-boxed e-con e-parent\" data-id=\"86eaaa7\" data-element_type=\"container\" data-e-type=\"container\">\n\t\t\t\t\t<div class=\"e-con-inner\">\n\t\t\t\t<div class=\"elementor-element elementor-element-0c2baae elementor-widget elementor-widget-text-editor\" data-id=\"0c2baae\" data-element_type=\"widget\" data-e-type=\"widget\" data-widget_type=\"text-editor.default\">\n\t\t\t\t<div class=\"elementor-widget-container\">\n\t\t\t\t\t\t\t\t\t<div class=\"wpb_text_column\"><div class=\"wpb_wrapper\"><p>In allen wirtschaftsrechtlichen Angelegenheiten unterst\u00fctzen wir kleine und mittelst\u00e4ndische Unternehmen u.a. bei Firmengr\u00fcndungen in Spanien (Niederlassungen, Betriebsst\u00e4tten) und begleiten unsere Mandanten dauerhaft im spanischen Rechts- und Gesch\u00e4ftsverkehr.<\/p><p>Ebenfalls stehen wir Privatperson in rechtlichen und steuerlichen Angelegenheiten, insbesondere im Wirkungsschwerpunkt des spanischen Immobilienrechts, Erbrechts, Vertragsrecht und Steuerrechts zur Seite.<\/p><p>Auch wenn Sie als deutscher Rechtsanwalt oder Notar einen Fall mit Spanienbezug bearbeiten, steht ihnen unsere Kanzlei als flexibler und zuverl\u00e4ssiger Partner zur Seite.<\/p><p>Dar\u00fcber hinaus bieten wir Privatpersonen sowie Unternehmen in den unterschiedlichsten Konfliktsituationen durch unsere erfahrenen Wirtschaftsmediatoren die M\u00f6glichkeit, mit einem strukturierten Verfahren L\u00f6sungen zu erarbeiten, die die Interessen aller Beteiligten mit einbeziehen und den Konflikt konstruktiv l\u00f6sen. Sparen Sie sich wertvolle Ressourcen anstatt mit Konflikten auf der Stelle zu treten.<\/p><\/div><\/div><div class=\"wpb_text_column us_custom_99817634\"><div class=\"wpb_wrapper\"><p><strong>\u00bfTiene una petici\u00f3n especial o busca asesoramiento jur\u00eddico en un caso concreto?<\/strong><\/p><\/div><\/div>\t\t\t\t\t\t\t\t<\/div>\n\t\t\t\t<\/div>\n\t\t\t\t<div class=\"elementor-element elementor-element-379ed70 elementor-widget elementor-widget-html\" data-id=\"379ed70\" data-element_type=\"widget\" data-e-type=\"widget\" data-widget_type=\"html.default\">\n\t\t\t\t<div class=\"elementor-widget-container\">\n\t\t\t\t\t<script>\ndocument.addEventListener(\"DOMContentLoaded\", function () {\n  const hash = window.location.hash.substring(1);\n  if (!hash) return;\n\n  setTimeout(function () {\n    const tabButton = document.querySelector('#' + CSS.escape(hash));\n    if (tabButton) {\n      tabButton.click();\n    }\n  }, 400);\n});\n<\/script>\t\t\t\t<\/div>\n\t\t\t\t<\/div>\n\t\t\t\t<div class=\"elementor-element elementor-element-b8db40e e-n-tabs-none elementor-widget elementor-widget-n-tabs\" data-id=\"b8db40e\" data-element_type=\"widget\" data-e-type=\"widget\" data-settings=\"{&quot;_animation&quot;:&quot;none&quot;,&quot;tabs_justify_horizontal_mobile&quot;:&quot;stretch&quot;,&quot;horizontal_scroll_mobile&quot;:&quot;disable&quot;}\" data-widget_type=\"nested-tabs.default\">\n\t\t\t\t<div class=\"elementor-widget-container\">\n\t\t\t\t\t\t\t<div class=\"e-n-tabs\" data-widget-number=\"193836046\" aria-label=\"Pesta\u00f1as. Abre elementos con Intro o Espacio, ci\u00e9rralos con Escape y navega con las Flechas.\">\n\t\t\t<div class=\"e-n-tabs-heading\" role=\"tablist\">\n\t\t\t\t\t<button id=\"unternehmen\" data-tab-title-id=\"e-n-tab-title-1938360461\" class=\"e-n-tab-title\" aria-selected=\"true\" data-tab-index=\"1\" role=\"tab\" tabindex=\"0\" aria-controls=\"e-n-tab-content-1938360461\" style=\"--n-tabs-title-order: 1;\">\n\t\t\t\t\t\t<span class=\"e-n-tab-title-text\">\n\t\t\t\tLeistungen f\u00fcr Unternehmen\t\t\t<\/span>\n\t\t<\/button>\n\t\t\t\t<button id=\"privatpersonen\" data-tab-title-id=\"e-n-tab-title-1938360462\" class=\"e-n-tab-title\" aria-selected=\"false\" data-tab-index=\"2\" role=\"tab\" tabindex=\"-1\" aria-controls=\"e-n-tab-content-1938360462\" style=\"--n-tabs-title-order: 2;\">\n\t\t\t\t\t\t<span class=\"e-n-tab-title-text\">\n\t\t\t\tRechtsberatung f\u00fcr Privatpersonen\t\t\t<\/span>\n\t\t<\/button>\n\t\t\t\t<button id=\"kanzleien-notariate\" data-tab-title-id=\"e-n-tab-title-1938360463\" class=\"e-n-tab-title\" aria-selected=\"false\" data-tab-index=\"3\" role=\"tab\" tabindex=\"-1\" aria-controls=\"e-n-tab-content-1938360463\" style=\"--n-tabs-title-order: 3;\">\n\t\t\t\t\t\t<span class=\"e-n-tab-title-text\">\n\t\t\t\tKanzleien und Notariate\t\t\t<\/span>\n\t\t<\/button>\n\t\t\t\t<button id=\"family-law\" data-tab-title-id=\"e-n-tab-title-1938360464\" class=\"e-n-tab-title\" aria-selected=\"false\" data-tab-index=\"4\" role=\"tab\" tabindex=\"-1\" aria-controls=\"e-n-tab-content-1938360464\" style=\"--n-tabs-title-order: 4;\">\n\t\t\t\t\t\t<span class=\"e-n-tab-title-text\">\n\t\t\t\tFamily Offices\t\t\t<\/span>\n\t\t<\/button>\n\t\t\t\t\t<\/div>\n\t\t\t<div class=\"e-n-tabs-content\">\n\t\t\t\t<div id=\"e-n-tab-content-1938360461\" role=\"tabpanel\" aria-labelledby=\"unternehmen\" data-tab-index=\"1\" style=\"--n-tabs-title-order: 1;\" class=\"e-active elementor-element elementor-element-622d06a e-con-full e-flex e-con e-child\" data-id=\"622d06a\" data-element_type=\"container\" data-e-type=\"container\">\n\t\t<div class=\"elementor-element elementor-element-2b35cf0 e-flex e-con-boxed e-con e-child\" data-id=\"2b35cf0\" data-element_type=\"container\" data-e-type=\"container\">\n\t\t\t\t\t<div class=\"e-con-inner\">\n\t\t<div class=\"elementor-element elementor-element-5b5778e e-con-full e-flex e-con e-child\" data-id=\"5b5778e\" data-element_type=\"container\" data-e-type=\"container\" data-settings=\"{&quot;background_background&quot;:&quot;classic&quot;}\">\n\t\t\t\t<div class=\"elementor-element elementor-element-29bb3ff elementor-invisible elementor-widget elementor-widget-heading\" data-id=\"29bb3ff\" data-element_type=\"widget\" data-e-type=\"widget\" data-settings=\"{&quot;_animation&quot;:&quot;fadeInUp&quot;}\" data-widget_type=\"heading.default\">\n\t\t\t\t<div class=\"elementor-widget-container\">\n\t\t\t\t\t<h2 class=\"elementor-heading-title elementor-size-default\">LEISTUNGEN F\u00dcR UNTERNEHMEN<\/h2>\t\t\t\t<\/div>\n\t\t\t\t<\/div>\n\t\t\t\t<\/div>\n\t\t\t\t<div class=\"elementor-element elementor-element-5947671 elementor-invisible elementor-widget elementor-widget-text-editor\" data-id=\"5947671\" data-element_type=\"widget\" data-e-type=\"widget\" data-settings=\"{&quot;_animation&quot;:&quot;fadeIn&quot;}\" data-widget_type=\"text-editor.default\">\n\t\t\t\t<div class=\"elementor-widget-container\">\n\t\t\t\t\t\t\t\t\t<div class=\"wpb_text_column\"><div class=\"wpb_wrapper\"><p>Die Kanzlei Ribas Brutschy Abogados in Bruchsal bei Karlsruhe betreut Sie und Ihr Unternehmen in der Vielzahl der Rechtsgebiete, einschlie\u00dflich der steuerrechts- und betriebswirtschaftlichen \u00dcberlegungen. Oberstes Ziel der Kanzlei ist es, Sie als Unternehmer umfassend und individuell zu betreuen, um Ihr Erfolgspotenzial f\u00fcr Ihre Unternehmerentscheidungen zu optimieren.<\/p><\/div><\/div>\t\t\t\t\t\t\t\t<\/div>\n\t\t\t\t<\/div>\n\t\t\t\t<div class=\"elementor-element elementor-element-cf0fcb3 elementor-invisible elementor-widget elementor-widget-heading\" data-id=\"cf0fcb3\" data-element_type=\"widget\" data-e-type=\"widget\" data-settings=\"{&quot;_animation&quot;:&quot;fadeIn&quot;}\" data-widget_type=\"heading.default\">\n\t\t\t\t<div class=\"elementor-widget-container\">\n\t\t\t\t\t<h2 class=\"elementor-heading-title elementor-size-default\">Nuestros servicios para usted como empresario\n<\/h2>\t\t\t\t<\/div>\n\t\t\t\t<\/div>\n\t\t\t\t<div class=\"elementor-element elementor-element-d598dba elementor-invisible elementor-widget elementor-widget-text-editor\" data-id=\"d598dba\" data-element_type=\"widget\" data-e-type=\"widget\" data-settings=\"{&quot;_animation&quot;:&quot;fadeIn&quot;}\" data-widget_type=\"text-editor.default\">\n\t\t\t\t<div class=\"elementor-widget-container\">\n\t\t\t\t\t\t\t\t\t<ul class=\"arrow-list\"><li>Constituci\u00f3n de sociedades espa\u00f1olas y redacci\u00f3n de estatutos<\/li><li>Adquisici\u00f3n y enajenaci\u00f3n de empresas espa\u00f1olas<\/li><li>Preparaci\u00f3n de todo tipo de contratos comerciales<\/li><li>Asesoramiento sobre cuestiones de Derecho mercantil<\/li><li>Colocaci\u00f3n y presentaci\u00f3n adecuadas de los productos y servicios en el mercado espa\u00f1ol y europeo de acuerdo con la normativa vigente en materia de competencia.<\/li><li>Procedimientos judiciales<\/li><li>Mediaci\u00f3n dentro de una organizaci\u00f3n, en el \u00e1mbito empresarial, para restablecer la cooperaci\u00f3n y, por tanto, la colaboraci\u00f3n constructiva o para abrir nuevos caminos.<\/li><\/ul>\t\t\t\t\t\t\t\t<\/div>\n\t\t\t\t<\/div>\n\t\t\t\t\t<\/div>\n\t\t\t\t<\/div>\n\t\t\t\t<\/div>\n\t\t<div id=\"e-n-tab-content-1938360462\" role=\"tabpanel\" aria-labelledby=\"privatpersonen\" data-tab-index=\"2\" style=\"--n-tabs-title-order: 2;\" class=\"elementor-element elementor-element-3fad817 e-con-full e-flex e-con e-child\" data-id=\"3fad817\" data-element_type=\"container\" data-e-type=\"container\">\n\t\t<div class=\"elementor-element elementor-element-466bcb5 e-con-full e-flex e-con e-child\" data-id=\"466bcb5\" data-element_type=\"container\" data-e-type=\"container\" data-settings=\"{&quot;background_background&quot;:&quot;classic&quot;}\">\n\t\t\t\t<div class=\"elementor-element elementor-element-b82b816 elementor-invisible elementor-widget elementor-widget-heading\" data-id=\"b82b816\" data-element_type=\"widget\" data-e-type=\"widget\" data-settings=\"{&quot;_animation&quot;:&quot;fadeInUp&quot;}\" data-widget_type=\"heading.default\">\n\t\t\t\t<div class=\"elementor-widget-container\">\n\t\t\t\t\t<h2 class=\"elementor-heading-title elementor-size-default\">RECHTSBERATUNG F\u00dcR PRIVATPERSONEN<\/h2>\t\t\t\t<\/div>\n\t\t\t\t<\/div>\n\t\t\t\t<\/div>\n\t\t\t\t<div class=\"elementor-element elementor-element-46fd855 elementor-invisible elementor-widget elementor-widget-text-editor\" data-id=\"46fd855\" data-element_type=\"widget\" data-e-type=\"widget\" data-settings=\"{&quot;_animation&quot;:&quot;fadeIn&quot;}\" data-widget_type=\"text-editor.default\">\n\t\t\t\t<div class=\"elementor-widget-container\">\n\t\t\t\t\t\t\t\t\t<p>Die Kanzlei Ribas Brutschy Abogados in Karlsruhe bietet Ihrer Mandantschaft umfassende Beratung und rechtliche Vertretung im Bereich des deutsch-spanischen Rechtsverkehrs.<\/p>\t\t\t\t\t\t\t\t<\/div>\n\t\t\t\t<\/div>\n\t\t\t\t<div class=\"elementor-element elementor-element-bb976e9 elementor-invisible elementor-widget elementor-widget-heading\" data-id=\"bb976e9\" data-element_type=\"widget\" data-e-type=\"widget\" data-settings=\"{&quot;_animation&quot;:&quot;fadeIn&quot;}\" data-widget_type=\"heading.default\">\n\t\t\t\t<div class=\"elementor-widget-container\">\n\t\t\t\t\t<h2 class=\"elementor-heading-title elementor-size-default\">Ein Auszug unserer Leistungen der Rechtsberatung f\u00fcr Privatpersonen<\/h2>\t\t\t\t<\/div>\n\t\t\t\t<\/div>\n\t\t\t\t<div class=\"elementor-element elementor-element-7415e7f elementor-invisible elementor-widget elementor-widget-text-editor\" data-id=\"7415e7f\" data-element_type=\"widget\" data-e-type=\"widget\" data-settings=\"{&quot;_animation&quot;:&quot;fadeIn&quot;}\" data-widget_type=\"text-editor.default\">\n\t\t\t\t<div class=\"elementor-widget-container\">\n\t\t\t\t\t\t\t\t\t<ul class=\"arrow-list\"><li>Beratung zur Vorgehensweise und zur Vertragsgestaltung bei Kauf, Verkauf, Schenkung, Erbschaft, Neubau oder Umbau von Immobilien in Spanien<\/li><li>Beratung bei der Finanzierung von Immobilien in Spanien<\/li><li>Einholung und \u00dcberpr\u00fcfung von Grundbuchausz\u00fcgen und sonstigen Dokumenten bez\u00fcglich Immobilien in Spanien<\/li><li>rechtliche und steuerrechtliche Gestaltung von Investitionen in Spanien<\/li><li>Beratung bei Zwangsversteigerungen<\/li><li>Abwicklung von Erbf\u00e4llen: von der Testamentsgestaltung bis zur Testamentsvollstreckung<\/li><li>Mediation bei Erbschaftsstreitigkeiten und damit M\u00f6glichkeiten der au\u00dfergerichtlichen Einigung<\/li><li>Mediation bei Paar- oder Familienkonflikten im Rahmen einer Scheidung, Sorgerechtsthematik und damit die Chance, langwierige Gerichtsverfahren oder unn\u00f6tige Kosten zu vermeiden<\/li><li>Mediation als Orientierungshilfe bei Mobbing am Arbeitsplatz und damit eine Auseinandersetzung mit den darunterliegenden Konfliktthemen<\/li><\/ul>\t\t\t\t\t\t\t\t<\/div>\n\t\t\t\t<\/div>\n\t\t\t\t<\/div>\n\t\t<div id=\"e-n-tab-content-1938360463\" role=\"tabpanel\" aria-labelledby=\"kanzleien-notariate\" data-tab-index=\"3\" style=\"--n-tabs-title-order: 3;\" class=\"elementor-element elementor-element-86e6f39 e-con-full e-flex e-con e-child\" data-id=\"86e6f39\" data-element_type=\"container\" data-e-type=\"container\">\n\t\t<div class=\"elementor-element elementor-element-2a7a619 e-con-full e-flex e-con e-child\" data-id=\"2a7a619\" data-element_type=\"container\" data-e-type=\"container\" data-settings=\"{&quot;background_background&quot;:&quot;classic&quot;}\">\n\t\t\t\t<div class=\"elementor-element elementor-element-53be5d9 elementor-invisible elementor-widget elementor-widget-heading\" data-id=\"53be5d9\" data-element_type=\"widget\" data-e-type=\"widget\" data-settings=\"{&quot;_animation&quot;:&quot;fadeInUp&quot;}\" data-widget_type=\"heading.default\">\n\t\t\t\t<div class=\"elementor-widget-container\">\n\t\t\t\t\t<h2 class=\"elementor-heading-title elementor-size-default\">KANZLEIEN UND NOTARIATE<\/h2>\t\t\t\t<\/div>\n\t\t\t\t<\/div>\n\t\t\t\t<\/div>\n\t\t\t\t<div class=\"elementor-element elementor-element-54c10f3 elementor-invisible elementor-widget elementor-widget-text-editor\" data-id=\"54c10f3\" data-element_type=\"widget\" data-e-type=\"widget\" data-settings=\"{&quot;_animation&quot;:&quot;fadeIn&quot;}\" data-widget_type=\"text-editor.default\">\n\t\t\t\t<div class=\"elementor-widget-container\">\n\t\t\t\t\t\t\t\t\t<p>Wir unterst\u00fctzen auch gerne deutsche Kanzleien und Rechtsanw\u00e4lte sowie Insolvenzverwalter um gemeinsam ein H\u00f6chstma\u00df an Effizienz zu erreichen.<\/p>\t\t\t\t\t\t\t\t<\/div>\n\t\t\t\t<\/div>\n\t\t\t\t<div class=\"elementor-element elementor-element-11a8889 elementor-invisible elementor-widget elementor-widget-heading\" data-id=\"11a8889\" data-element_type=\"widget\" data-e-type=\"widget\" data-settings=\"{&quot;_animation&quot;:&quot;fadeIn&quot;}\" data-widget_type=\"heading.default\">\n\t\t\t\t<div class=\"elementor-widget-container\">\n\t\t\t\t\t<h2 class=\"elementor-heading-title elementor-size-default\">Ein Auszug Unserer Leistungen<\/h2>\t\t\t\t<\/div>\n\t\t\t\t<\/div>\n\t\t\t\t<div class=\"elementor-element elementor-element-5f70c57 elementor-invisible elementor-widget elementor-widget-text-editor\" data-id=\"5f70c57\" data-element_type=\"widget\" data-e-type=\"widget\" data-settings=\"{&quot;_animation&quot;:&quot;fadeIn&quot;}\" data-widget_type=\"text-editor.default\">\n\t\t\t\t<div class=\"elementor-widget-container\">\n\t\t\t\t\t\t\t\t\t<ul class=\"arrow-list\"><li>Unterst\u00fctzung deutscher Kanzleien, Rechtsanw\u00e4lte und\/oder Insolvenzverwalter in F\u00e4llen mit Bezug zu Spanien<\/li><li>Unterst\u00fctzung und \u00dcbernahme von Verhandlungen mit spanischen Vertragspartnern oder sonstigen Verhandlungspartnern im Vorfeld rechtlicher Auseinandersetzungen<\/li><li>Vergleichsverhandlungen<\/li><li>Koordination bei s\u00e4mtlichen Rechtsangelegenheiten in Spanien<\/li><\/ul>\t\t\t\t\t\t\t\t<\/div>\n\t\t\t\t<\/div>\n\t\t\t\t<\/div>\n\t\t<div id=\"e-n-tab-content-1938360464\" role=\"tabpanel\" aria-labelledby=\"family-law\" data-tab-index=\"4\" style=\"--n-tabs-title-order: 4;\" class=\"elementor-element elementor-element-777dadf e-con-full e-flex e-con e-child\" data-id=\"777dadf\" data-element_type=\"container\" data-e-type=\"container\">\n\t\t<div class=\"elementor-element elementor-element-f5579dd e-con-full e-flex e-con e-child\" data-id=\"f5579dd\" data-element_type=\"container\" data-e-type=\"container\" data-settings=\"{&quot;background_background&quot;:&quot;classic&quot;}\">\n\t\t\t\t<div class=\"elementor-element elementor-element-20f5f54 elementor-invisible elementor-widget elementor-widget-heading\" data-id=\"20f5f54\" data-element_type=\"widget\" data-e-type=\"widget\" data-settings=\"{&quot;_animation&quot;:&quot;fadeInUp&quot;}\" data-widget_type=\"heading.default\">\n\t\t\t\t<div class=\"elementor-widget-container\">\n\t\t\t\t\t<h2 class=\"elementor-heading-title elementor-size-default\">Family Offices<\/h2>\t\t\t\t<\/div>\n\t\t\t\t<\/div>\n\t\t\t\t<\/div>\n\t\t\t\t<div class=\"elementor-element elementor-element-8de027c elementor-invisible elementor-widget elementor-widget-text-editor\" data-id=\"8de027c\" data-element_type=\"widget\" data-e-type=\"widget\" data-settings=\"{&quot;_animation&quot;:&quot;fadeIn&quot;}\" data-widget_type=\"text-editor.default\">\n\t\t\t\t<div class=\"elementor-widget-container\">\n\t\t\t\t\t\t\t\t\t<p>Die Kanzlei Ribas Brutschy Abogados ber\u00e4t\u00a0und unterst\u00fctzt\u00a0<strong>verm\u00f6gende Privatpersonen, Unternehmer und Unternehmen, Stiftungen<\/strong>\u00a0sowie\u00a0<strong>institutionelle Investoren<\/strong> bei der auf famili\u00e4re Bed\u00fcrfnisse ausgerichteten Verm\u00f6gensstrukturierung. Insbesondere unterst\u00fctzen wir Privat Equity Companies und Family Offices bei ihren Investitionsvorhaben\u00a0in Deutschland und Spanien.<\/p>\t\t\t\t\t\t\t\t<\/div>\n\t\t\t\t<\/div>\n\t\t\t\t<div class=\"elementor-element elementor-element-2166996 elementor-invisible elementor-widget elementor-widget-heading\" data-id=\"2166996\" data-element_type=\"widget\" data-e-type=\"widget\" data-settings=\"{&quot;_animation&quot;:&quot;fadeIn&quot;}\" data-widget_type=\"heading.default\">\n\t\t\t\t<div class=\"elementor-widget-container\">\n\t\t\t\t\t<h2 class=\"elementor-heading-title elementor-size-default\">Unsere Leistungen und Beratungsschwerpunkte umfassen<\/h2>\t\t\t\t<\/div>\n\t\t\t\t<\/div>\n\t\t<div class=\"elementor-element elementor-element-24ede6f e-con-full e-flex e-con e-child\" data-id=\"24ede6f\" data-element_type=\"container\" data-e-type=\"container\">\n\t\t\t\t<div class=\"elementor-element elementor-element-60efb0b elementor-invisible elementor-widget elementor-widget-text-editor\" data-id=\"60efb0b\" data-element_type=\"widget\" data-e-type=\"widget\" data-settings=\"{&quot;_animation&quot;:&quot;fadeIn&quot;}\" data-widget_type=\"text-editor.default\">\n\t\t\t\t<div class=\"elementor-widget-container\">\n\t\t\t\t\t\t\t\t\t<ul class=\"arrow-list\"><li>Rechtliche und steuerliche Strukturierung<\/li><li>Rechtliche und steuerliche Beratung bei nationalen, internationalen und grenz\u00fcberschreitenden Transaktionen<\/li><li>Verm\u00f6gensnachfolge, Testament und G\u00fcterstand<\/li><li>Verm\u00f6gensstrategie und Finanzplanung<\/li><li>Wir beraten und begleiten mittelst\u00e4ndische Unternehmen, Familiengesellschaften und ihre Gesellschafter, Stiftungen, Venture Capital sowie Finanzinvestoren aus dem In- und Ausland beim Kauf und Verkauf von Unternehmen und Unternehmensbeteiligungen in Deutschland und Spanien.<\/li><\/ul>\t\t\t\t\t\t\t\t<\/div>\n\t\t\t\t<\/div>\n\t\t\t\t<\/div>\n\t\t\t\t<\/div>\n\t\t\t\t\t<\/div>\n\t\t<\/div>\n\t\t\t\t\t\t<\/div>\n\t\t\t\t<\/div>\n\t\t\t\t\t<\/div>\n\t\t\t\t<\/div>\n\t\t\t\t<\/div>","protected":false},"excerpt":{"rendered":"<p>LEISTUNGEN In allen wirtschaftsrechtlichen Angelegenheiten unterst\u00fctzen wir kleine und mittelst\u00e4ndische Unternehmen u.a. bei Firmengr\u00fcndungen in Spanien (Niederlassungen, Betriebsst\u00e4tten) und begleiten unsere Mandanten dauerhaft im spanischen Rechts- und Gesch\u00e4ftsverkehr. Ebenfalls stehen wir Privatperson in rechtlichen und steuerlichen Angelegenheiten, insbesondere im Wirkungsschwerpunkt des spanischen Immobilienrechts, Erbrechts, Vertragsrecht und Steuerrechts zur Seite. Auch wenn Sie als deutscher Rechtsanwalt [&hellip;]<\/p>\n","protected":false},"author":1,"featured_media":0,"parent":0,"menu_order":0,"comment_status":"closed","ping_status":"closed","template":"","meta":{"_acf_changed":false,"footnotes":""},"class_list":["post-71","page","type-page","status-publish","hentry"],"acf":[],"_links":{"self":[{"href":"https:\/\/ribas.wolfsrudel-agentur.com\/es\/wp-json\/wp\/v2\/pages\/71","targetHints":{"allow":["GET"]}}],"collection":[{"href":"https:\/\/ribas.wolfsrudel-agentur.com\/es\/wp-json\/wp\/v2\/pages"}],"about":[{"href":"https:\/\/ribas.wolfsrudel-agentur.com\/es\/wp-json\/wp\/v2\/types\/page"}],"author":[{"embeddable":true,"href":"https:\/\/ribas.wolfsrudel-agentur.com\/es\/wp-json\/wp\/v2\/users\/1"}],"replies":[{"embeddable":true,"href":"https:\/\/ribas.wolfsrudel-agentur.com\/es\/wp-json\/wp\/v2\/comments?post=71"}],"version-history":[{"count":43,"href":"https:\/\/ribas.wolfsrudel-agentur.com\/es\/wp-json\/wp\/v2\/pages\/71\/revisions"}],"predecessor-version":[{"id":2500,"href":"https:\/\/ribas.wolfsrudel-agentur.com\/es\/wp-json\/wp\/v2\/pages\/71\/revisions\/2500"}],"wp:attachment":[{"href":"https:\/\/ribas.wolfsrudel-agentur.com\/es\/wp-json\/wp\/v2\/media?parent=71"}],"curies":[{"name":"wp","href":"https:\/\/api.w.org\/{rel}","templated":true}]}}