{"id":7,"date":"2025-05-28T15:43:06","date_gmt":"2025-05-28T13:43:06","guid":{"rendered":"http:\/\/ribas.wolfsrudel-agentur.com\/?page_id=7"},"modified":"2026-02-06T16:59:22","modified_gmt":"2026-02-06T15:59:22","slug":"impressum","status":"publish","type":"page","link":"https:\/\/ribas.wolfsrudel-agentur.com\/es\/impressum\/","title":{"rendered":"Pie de imprenta"},"content":{"rendered":"<div data-elementor-type=\"wp-post\" data-elementor-id=\"7\" class=\"elementor elementor-7\" data-elementor-post-type=\"page\">\n\t\t\t\t<div class=\"elementor-element elementor-element-dda423c e-flex e-con-boxed e-con e-parent\" data-id=\"dda423c\" data-element_type=\"container\" data-e-type=\"container\">\n\t\t\t\t\t<div class=\"e-con-inner\">\n\t\t\t\t<div class=\"elementor-element elementor-element-96ffa1d elementor-widget elementor-widget-heading\" data-id=\"96ffa1d\" data-element_type=\"widget\" data-e-type=\"widget\" data-widget_type=\"heading.default\">\n\t\t\t\t<div class=\"elementor-widget-container\">\n\t\t\t\t\t<h2 class=\"elementor-heading-title elementor-size-default\">Pie de imprenta<\/h2>\t\t\t\t<\/div>\n\t\t\t\t<\/div>\n\t\t\t\t<div class=\"elementor-element elementor-element-d0d5186 elementor-widget elementor-widget-heading\" data-id=\"d0d5186\" data-element_type=\"widget\" data-e-type=\"widget\" data-widget_type=\"heading.default\">\n\t\t\t\t<div class=\"elementor-widget-container\">\n\t\t\t\t\t<h2 class=\"elementor-heading-title elementor-size-default\">Proveedor <\/h2>\t\t\t\t<\/div>\n\t\t\t\t<\/div>\n\t\t\t\t<div class=\"elementor-element elementor-element-1c2cf3e elementor-widget elementor-widget-text-editor\" data-id=\"1c2cf3e\" data-element_type=\"widget\" data-e-type=\"widget\" data-widget_type=\"text-editor.default\">\n\t\t\t\t<div class=\"elementor-widget-container\">\n\t\t\t\t\t\t\t\t\t<p>El proveedor de este sitio web en el sentido del \u00a7 5 DDG es Ribas &amp; Partner mbB, representado por los siguientes socios con poder exclusivo de representaci\u00f3n.<\/p><p><strong>Sede central<\/strong><br \/>Blumenstra\u00dfe 6,<br \/>76133 Karlsruhe<br \/>Alemania<\/p><p><strong>Centro administrativo<\/strong><br \/>Marianne-Kirchgessner-Str. 5, 76646 Bruchsal<br \/>Alemania<\/p><p>Fon: <a href=\"tel:+4972148070960\">+49 721 480 709 60<\/a><br \/>Fon: <a href=\"tel:+4972519377310\">+49 7251 9377 310<\/a><\/p><p>Fax: +49 7251 3224 023<br \/>Fax: +49 721 480 709 69<\/p><p>Web:\u00a0<a href=\"http:\/\/www.rb-abogados.eu\/\">www.rb-abogados.eu<\/a><\/p><p>E-Mail:\u00a0<a href=\"mailto:info@rb-abogados.eu\">info@rb-abogados.eu<\/a><\/p>\t\t\t\t\t\t\t\t<\/div>\n\t\t\t\t<\/div>\n\t\t\t\t<div class=\"elementor-element elementor-element-8099b68 elementor-widget elementor-widget-heading\" data-id=\"8099b68\" data-element_type=\"widget\" data-e-type=\"widget\" data-widget_type=\"heading.default\">\n\t\t\t\t<div class=\"elementor-widget-container\">\n\t\t\t\t\t<h2 class=\"elementor-heading-title elementor-size-default\">Registro de asociaciones<\/h2>\t\t\t\t<\/div>\n\t\t\t\t<\/div>\n\t\t\t\t<div class=\"elementor-element elementor-element-508310d elementor-widget elementor-widget-text-editor\" data-id=\"508310d\" data-element_type=\"widget\" data-e-type=\"widget\" data-widget_type=\"text-editor.default\">\n\t\t\t\t<div class=\"elementor-widget-container\">\n\t\t\t\t\t\t\t\t\t<p>Ribas &amp; Partner mbB es una sociedad de responsabilidad limitada profesional. Domicilio social de la empresa: Bruchsal.<\/p><p>Ribas &amp; Partner mbB est\u00e1 inscrita en el registro de sociedades del Juzgado Local de Mannheim con el n\u00famero PR 700663.<\/p>\t\t\t\t\t\t\t\t<\/div>\n\t\t\t\t<\/div>\n\t\t\t\t<div class=\"elementor-element elementor-element-e3f04d0 elementor-widget elementor-widget-heading\" data-id=\"e3f04d0\" data-element_type=\"widget\" data-e-type=\"widget\" data-widget_type=\"heading.default\">\n\t\t\t\t<div class=\"elementor-widget-container\">\n\t\t\t\t\t<h2 class=\"elementor-heading-title elementor-size-default\">N\u00famero de identificaci\u00f3n fiscal<\/h2>\t\t\t\t<\/div>\n\t\t\t\t<\/div>\n\t\t\t\t<div class=\"elementor-element elementor-element-28e6f1d elementor-widget elementor-widget-text-editor\" data-id=\"28e6f1d\" data-element_type=\"widget\" data-e-type=\"widget\" data-widget_type=\"text-editor.default\">\n\t\t\t\t<div class=\"elementor-widget-container\">\n\t\t\t\t\t\t\t\t\t<p>DE369278039<\/p>\t\t\t\t\t\t\t\t<\/div>\n\t\t\t\t<\/div>\n\t\t\t\t<div class=\"elementor-element elementor-element-7d436ce elementor-widget elementor-widget-heading\" data-id=\"7d436ce\" data-element_type=\"widget\" data-e-type=\"widget\" data-widget_type=\"heading.default\">\n\t\t\t\t<div class=\"elementor-widget-container\">\n\t\t\t\t\t<h2 class=\"elementor-heading-title elementor-size-default\">Lista de socios<\/h2>\t\t\t\t<\/div>\n\t\t\t\t<\/div>\n\t\t\t\t<div class=\"elementor-element elementor-element-13e4e0d elementor-widget elementor-widget-text-editor\" data-id=\"13e4e0d\" data-element_type=\"widget\" data-e-type=\"widget\" data-widget_type=\"text-editor.default\">\n\t\t\t\t<div class=\"elementor-widget-container\">\n\t\t\t\t\t\t\t\t\t<p>La lista de socios de Ribas &amp; Partner mbB puede consultarse en\u00a0<a href=\"https:\/\/rb-abogados.eu\/kanzlei\/anwaelte\/\">https:\/\/rb-abogados.eu\/kanzlei\/anwaelte\/<\/a><\/p><p>En Ribas &amp; Partner mbB, el t\u00e9rmino socio se refiere a un socio de Ribas &amp; Partner mbB.<\/p><p>La lista de los socios registrados de la Partnerschaftsgesellschaft mbB puede consultarse en el domicilio social de la sociedad o en el registro de sociedades del Juzgado Local de Mannheim (PR 700663).<\/p>\t\t\t\t\t\t\t\t<\/div>\n\t\t\t\t<\/div>\n\t\t\t\t<div class=\"elementor-element elementor-element-d6ad340 elementor-widget elementor-widget-heading\" data-id=\"d6ad340\" data-element_type=\"widget\" data-e-type=\"widget\" data-widget_type=\"heading.default\">\n\t\t\t\t<div class=\"elementor-widget-container\">\n\t\t\t\t\t<h2 class=\"elementor-heading-title elementor-size-default\">Reglamentos profesionales<\/h2>\t\t\t\t<\/div>\n\t\t\t\t<\/div>\n\t\t\t\t<div class=\"elementor-element elementor-element-1914f6f elementor-widget elementor-widget-text-editor\" data-id=\"1914f6f\" data-element_type=\"widget\" data-e-type=\"widget\" data-widget_type=\"text-editor.default\">\n\t\t\t\t<div class=\"elementor-widget-container\">\n\t\t\t\t\t\t\t\t\t<p>En la p\u00e1gina web del Colegio Federal de Abogados de Alemania (www.brak.de), bajo el ep\u00edgrafe \"<a href=\"https:\/\/www.brak.de\/fuer-anwaelte\/berufsrecht\/\">Derecho profesional<\/a>\", a trav\u00e9s de la p\u00e1gina web del Consejo General de la Abogac\u00eda Espa\u00f1ola, en el apartado \"<a href=\"https:\/\/www.abogacia.es\/conocenos\/consejo-general\/normativa-profesional\/\">Normativa Profesional<\/a>\u00a0se pueden ver y recuperar.<\/p><p>En particular<\/p><p>C\u00f3digo de conducta profesional (BORA)<br \/>Ley Federal de Abogados (BRAO)<br \/>Normativa para abogados especializados (FAO)<br \/>Ley de honorarios de abogados (RVG)<br \/>C\u00f3digo de conducta de los abogados de la Comunidad Europea (CCBE)<br \/>Ley sobre las actividades de los abogados europeos en Alemania (EuRAG)<br \/>Estatuto General de la Abogac\u00eda Espa\u00f1ola (CGAE)<br \/>C\u00f3digo Deontol\u00f3gico de la Abogac\u00eda Espa\u00f1ola<\/p>\t\t\t\t\t\t\t\t<\/div>\n\t\t\t\t<\/div>\n\t\t\t\t<div class=\"elementor-element elementor-element-525fd51 elementor-widget elementor-widget-heading\" data-id=\"525fd51\" data-element_type=\"widget\" data-e-type=\"widget\" data-widget_type=\"heading.default\">\n\t\t\t\t<div class=\"elementor-widget-container\">\n\t\t\t\t\t<h2 class=\"elementor-heading-title elementor-size-default\">Seguro de responsabilidad profesional<\/h2>\t\t\t\t<\/div>\n\t\t\t\t<\/div>\n\t\t\t\t<div class=\"elementor-element elementor-element-be6e68d elementor-widget elementor-widget-text-editor\" data-id=\"be6e68d\" data-element_type=\"widget\" data-e-type=\"widget\" data-widget_type=\"text-editor.default\">\n\t\t\t\t<div class=\"elementor-widget-container\">\n\t\t\t\t\t\t\t\t\t<p>HDI Versicherung AG, HDI-Platz 1, 30659 Hannover, Tel: +49 (0) 511-645-0,\u00a0<a href=\"https:\/\/www.hdi.de\/\">www.hdi.de<\/a><\/p><p>\u00c1mbito territorial: En todo el territorio de la UE. El \u00e1mbito territorial de la cobertura del seguro incluye las actividades en Europa y, por tanto, cumple al menos los requisitos de las disposiciones del art\u00edculo 8 (4) PartGG en relaci\u00f3n con el art\u00edculo 51a BRAO. \u00a7 51a BRAO.<\/p>\t\t\t\t\t\t\t\t<\/div>\n\t\t\t\t<\/div>\n\t\t\t\t<div class=\"elementor-element elementor-element-1b6e8bb elementor-widget elementor-widget-heading\" data-id=\"1b6e8bb\" data-element_type=\"widget\" data-e-type=\"widget\" data-widget_type=\"heading.default\">\n\t\t\t\t<div class=\"elementor-widget-container\">\n\t\t\t\t\t<h2 class=\"elementor-heading-title elementor-size-default\">Resoluci\u00f3n extrajudicial de litigios<\/h2>\t\t\t\t<\/div>\n\t\t\t\t<\/div>\n\t\t\t\t<div class=\"elementor-element elementor-element-7bc3ee2 elementor-widget elementor-widget-text-editor\" data-id=\"7bc3ee2\" data-element_type=\"widget\" data-e-type=\"widget\" data-widget_type=\"text-editor.default\">\n\t\t\t\t<div class=\"elementor-widget-container\">\n\t\t\t\t\t\t\t\t\t<p>En caso de litigios entre abogados y sus clientes, de conformidad con el art\u00edculo 73, apartado 2, n\u00famero 3, en relaci\u00f3n con el art\u00edculo 73, apartado 5, del BRAO, existe la posibilidad de resoluci\u00f3n extrajudicial de litigios previa solicitud en el Colegio de Abogados de Karlsruhe competente a nivel regional (v\u00e9anse m\u00e1s arriba los datos de contacto) o, de conformidad con el art\u00edculo 191 y ss. BRAO en el centro de arbitraje de la abogac\u00eda de la C\u00e1mara Federal de Abogados, que puede consultarse en Internet a trav\u00e9s de la p\u00e1gina web de la C\u00e1mara Federal de Abogados (<a href=\"http:\/\/www.brak.de\/\">http:\/\/www.brak.de<\/a>) en la opci\u00f3n de men\u00fa \"Schlichtungsstelle der Rechtsanwaltschaft\" (<a href=\"mailto:schlichtungsstelle@brak.de\">schlichtungsstelle@brak.de<\/a>).<\/p><p>Adem\u00e1s, la Comisi\u00f3n Europea ha creado una plataforma de resoluci\u00f3n de litigios en l\u00ednea para los consumidores. Puede acceder a ella en\u00a0<a href=\"http:\/\/ec.europa.eu\/consumers\/odr\">http:\/\/ec.europa.eu\/consumers\/odr<\/a>. La junta de arbitraje de consumo responsable de nosotros es: Junta de Conciliaci\u00f3n de la Abogac\u00eda, direcci\u00f3n: Neue Gr\u00fcnstr. 17, 10179 Berl\u00edn, Alemania, Sitio web:\u00a0<a href=\"http:\/\/www.schlichtungsstelle-der-rechtsanwaltschaft.de\/\">http:\/\/www.schlichtungsstelle-der-rechtsanwaltschaft.de\/<\/a><\/p><p>Ribas &amp; Partner mbB no participa en procedimientos de resoluci\u00f3n de litigios ante una junta arbitral de consumo y no est\u00e1 obligada a hacerlo.<\/p>\t\t\t\t\t\t\t\t<\/div>\n\t\t\t\t<\/div>\n\t\t\t\t<div class=\"elementor-element elementor-element-2ccc3c0 elementor-widget elementor-widget-heading\" data-id=\"2ccc3c0\" data-element_type=\"widget\" data-e-type=\"widget\" data-widget_type=\"heading.default\">\n\t\t\t\t<div class=\"elementor-widget-container\">\n\t\t\t\t\t<h2 class=\"elementor-heading-title elementor-size-default\">Abogados<\/h2>\t\t\t\t<\/div>\n\t\t\t\t<\/div>\n\t\t\t\t<div class=\"elementor-element elementor-element-6a771fd elementor-widget elementor-widget-text-editor\" data-id=\"6a771fd\" data-element_type=\"widget\" data-e-type=\"widget\" data-widget_type=\"text-editor.default\">\n\t\t\t\t<div class=\"elementor-widget-container\">\n\t\t\t\t\t\t\t\t\t<p>Abogado y abogado europeo en ejercicio Miguel Ribas Brutschy;<\/p><p>Abogada Kristin Fieberg;<\/p><p>Abogada Kelly Molina;<\/p><p>Abogado Dr Sergio G\u00f3mez;<\/p><p>Abogada Christina Jung;<\/p><p>Abogado Juan Amengual;<\/p><p>Abogado Agust\u00edn Fern\u00e1ndez.<\/p>\t\t\t\t\t\t\t\t<\/div>\n\t\t\t\t<\/div>\n\t\t\t\t<div class=\"elementor-element elementor-element-240cdc8 elementor-widget elementor-widget-heading\" data-id=\"240cdc8\" data-element_type=\"widget\" data-e-type=\"widget\" data-widget_type=\"heading.default\">\n\t\t\t\t<div class=\"elementor-widget-container\">\n\t\t\t\t\t<h2 class=\"elementor-heading-title elementor-size-default\">Autorizaci\u00f3n<\/h2>\t\t\t\t<\/div>\n\t\t\t\t<\/div>\n\t\t\t\t<div class=\"elementor-element elementor-element-db2d7b2 elementor-widget elementor-widget-text-editor\" data-id=\"db2d7b2\" data-element_type=\"widget\" data-e-type=\"widget\" data-widget_type=\"text-editor.default\">\n\t\t\t\t<div class=\"elementor-widget-container\">\n\t\t\t\t\t\t\t\t\t<p>El Colegio de Abogados de Karlsruhe (<a href=\"https:\/\/www.rak-karlsruhe.de\/\">P\u00e1gina web<\/a>) incluye a los abogados Miguel Ribas, Kristin Fieberg y Christina Jung.<\/p><p>El Colegio de Abogados de Baleares, ICAIB (<a href=\"https:\/\/www.icaib.org\/\">P\u00e1gina web<\/a>) incluye a los abogados Miguel Ribas y Juan Amengual.<\/p><p>El Colegio de Abogados de Murcia, ICAMUR (<a href=\"https:\/\/www.icamur.org\/\">P\u00e1gina web<\/a>) es la abogada Kelly Molina.<\/p><p>El Colegio de Abogados de Madrid, ICAM (<a href=\"https:\/\/web.icam.es\/\">P\u00e1gina web<\/a>) es el abogado Dr. Sergio G\u00f3mez.<\/p><p>El Colegio de Abogados de C\u00f3rdoba (<a href=\"https:\/\/www.abogado.org.ar\/\">P\u00e1gina web<\/a>) es el abogado Agust\u00edn Fern\u00e1ndez.<\/p>\t\t\t\t\t\t\t\t<\/div>\n\t\t\t\t<\/div>\n\t\t\t\t<div class=\"elementor-element elementor-element-78e4ec7 elementor-widget elementor-widget-heading\" data-id=\"78e4ec7\" data-element_type=\"widget\" data-e-type=\"widget\" data-widget_type=\"heading.default\">\n\t\t\t\t<div class=\"elementor-widget-container\">\n\t\t\t\t\t<h2 class=\"elementor-heading-title elementor-size-default\">Evitar conflictos de intereses y prohibiciones de participaci\u00f3n<\/h2>\t\t\t\t<\/div>\n\t\t\t\t<\/div>\n\t\t\t\t<div class=\"elementor-element elementor-element-2b90d84 elementor-widget elementor-widget-text-editor\" data-id=\"2b90d84\" data-element_type=\"widget\" data-e-type=\"widget\" data-widget_type=\"text-editor.default\">\n\t\t\t\t<div class=\"elementor-widget-container\">\n\t\t\t\t\t\t\t\t\t<p>Los abogados tienen prohibido representar intereses en conflicto debido a las normas profesionales (art\u00edculo 43a (4) BRAO). Por tanto, antes de aceptar un mandato, siempre se comprueba si existe un conflicto de intereses o una prohibici\u00f3n de participaci\u00f3n.<\/p>\t\t\t\t\t\t\t\t<\/div>\n\t\t\t\t<\/div>\n\t\t\t\t<div class=\"elementor-element elementor-element-6f4e4c3 elementor-widget elementor-widget-heading\" data-id=\"6f4e4c3\" data-element_type=\"widget\" data-e-type=\"widget\" data-widget_type=\"heading.default\">\n\t\t\t\t<div class=\"elementor-widget-container\">\n\t\t\t\t\t<h2 class=\"elementor-heading-title elementor-size-default\">Responsable del contenido period\u00edstico-editorial<\/h2>\t\t\t\t<\/div>\n\t\t\t\t<\/div>\n\t\t\t\t<div class=\"elementor-element elementor-element-3804102 elementor-widget elementor-widget-text-editor\" data-id=\"3804102\" data-element_type=\"widget\" data-e-type=\"widget\" data-widget_type=\"text-editor.default\">\n\t\t\t\t<div class=\"elementor-widget-container\">\n\t\t\t\t\t\t\t\t\t<p>La persona responsable del contenido period\u00edstico y editorial del sitio web de Ribas &amp; Partner mbB y de su presencia en las redes sociales es<\/p><p>Miguel Ribas<br \/>Blumenstra\u00dfe 6,<br \/>76133 Karlsruhe<br \/>Alemania<\/p><p>Tel\u00e9fono: +49 721 480 709 60<br \/>E-Mail:\u00a0<a href=\"mailto:info@rb-abogados.eu\">info@rb-abogados.eu<\/a><\/p>\t\t\t\t\t\t\t\t<\/div>\n\t\t\t\t<\/div>\n\t\t\t\t<div class=\"elementor-element elementor-element-0ff510d elementor-widget elementor-widget-heading\" data-id=\"0ff510d\" data-element_type=\"widget\" data-e-type=\"widget\" data-widget_type=\"heading.default\">\n\t\t\t\t<div class=\"elementor-widget-container\">\n\t\t\t\t\t<h2 class=\"elementor-heading-title elementor-size-default\">Descargo de responsabilidad<\/h2>\t\t\t\t<\/div>\n\t\t\t\t<\/div>\n\t\t\t\t<div class=\"elementor-element elementor-element-765182a elementor-widget elementor-widget-text-editor\" data-id=\"765182a\" data-element_type=\"widget\" data-e-type=\"widget\" data-widget_type=\"text-editor.default\">\n\t\t\t\t<div class=\"elementor-widget-container\">\n\t\t\t\t\t\t\t\t\t<p>La informaci\u00f3n contenida en este sitio web tiene por objeto representar al bufete de abogados Ribas &amp; Partner mbB y no constituye asesoramiento jur\u00eddico ni puede sustituir a dicho asesoramiento.<\/p><p>Ribas &amp; Partner mbB no asume ninguna responsabilidad por la actualidad, exactitud e integridad de la informaci\u00f3n proporcionada en este sitio web. Lo mismo se aplica al contenido de sitios web externos a los que este sitio remite directa o indirectamente a trav\u00e9s de hiperv\u00ednculos y sobre los que el bufete de abogados Ribas &amp; Partner mbB no tiene ninguna influencia.<\/p>\t\t\t\t\t\t\t\t<\/div>\n\t\t\t\t<\/div>\n\t\t\t\t<div class=\"elementor-element elementor-element-82bb2b9 elementor-widget elementor-widget-heading\" data-id=\"82bb2b9\" data-element_type=\"widget\" data-e-type=\"widget\" data-widget_type=\"heading.default\">\n\t\t\t\t<div class=\"elementor-widget-container\">\n\t\t\t\t\t<h2 class=\"elementor-heading-title elementor-size-default\">Derechos de autor y etiquetado<\/h2>\t\t\t\t<\/div>\n\t\t\t\t<\/div>\n\t\t\t\t<div class=\"elementor-element elementor-element-5d891db elementor-widget elementor-widget-text-editor\" data-id=\"5d891db\" data-element_type=\"widget\" data-e-type=\"widget\" data-widget_type=\"text-editor.default\">\n\t\t\t\t<div class=\"elementor-widget-container\">\n\t\t\t\t\t\t\t\t\t<p>A menos que se indique lo contrario, todas las p\u00e1ginas de este servidor de informaci\u00f3n de Ribas &amp; Partner mbB est\u00e1n sujetas a derechos de autor. Esto se aplica en particular a los textos, im\u00e1genes, gr\u00e1ficos, archivos de sonido, v\u00eddeo o animaci\u00f3n, incluida su disposici\u00f3n en las p\u00e1ginas de Internet.<br \/>La reproducci\u00f3n o utilizaci\u00f3n de dichas p\u00e1ginas (o partes de las mismas) en otras publicaciones electr\u00f3nicas o impresas, as\u00ed como su publicaci\u00f3n (incluso en Internet) s\u00f3lo est\u00e1 permitida con el consentimiento (previo).<br \/>Las im\u00e1genes, gr\u00e1ficos, textos u otros archivos pueden estar sujetos total o parcialmente a derechos de autor de terceros.<br \/>Todas las marcas y nombres comerciales mencionados en el sitio web y posiblemente protegidos por terceros est\u00e1n sujetos sin restricciones a las disposiciones de la legislaci\u00f3n aplicable en materia de marcas y a los derechos de propiedad de los respectivos propietarios registrados. La mera menci\u00f3n de una marca en nuestro sitio web no implica que no est\u00e9 protegida por derechos de terceros.<\/p>\t\t\t\t\t\t\t\t<\/div>\n\t\t\t\t<\/div>\n\t\t\t\t\t<\/div>\n\t\t\t\t<\/div>\n\t\t\t\t<\/div>","protected":false},"excerpt":{"rendered":"<p>Impressum Anbieter Anbieter dieser Website i.S.v. \u00a7 5 DDG ist Ribas &amp; Partner mbB, vertreten durch die nachfolgend genannten einzelvertretungsberechtigten Partner. HauptsitzBlumenstra\u00dfe 6,76133 KarlsruheDeutschland VerwaltungssitzMarianne-Kirchgessner-Str. 5, 76646 BruchsalDeutschland Fon: +49 721 480 709 60Fon: +49 7251 9377 310 Fax: +49 7251 3224 023Fax: +49 721 480 709 69 Web:\u00a0www.rb-abogados.eu E-Mail:\u00a0info@rb-abogados.eu Partnerschaftsregister Ribas &amp; Partner mbB [&hellip;]<\/p>\n","protected":false},"author":1,"featured_media":0,"parent":0,"menu_order":0,"comment_status":"closed","ping_status":"closed","template":"","meta":{"_acf_changed":false,"footnotes":""},"class_list":["post-7","page","type-page","status-publish","hentry"],"acf":[],"_links":{"self":[{"href":"https:\/\/ribas.wolfsrudel-agentur.com\/es\/wp-json\/wp\/v2\/pages\/7","targetHints":{"allow":["GET"]}}],"collection":[{"href":"https:\/\/ribas.wolfsrudel-agentur.com\/es\/wp-json\/wp\/v2\/pages"}],"about":[{"href":"https:\/\/ribas.wolfsrudel-agentur.com\/es\/wp-json\/wp\/v2\/types\/page"}],"author":[{"embeddable":true,"href":"https:\/\/ribas.wolfsrudel-agentur.com\/es\/wp-json\/wp\/v2\/users\/1"}],"replies":[{"embeddable":true,"href":"https:\/\/ribas.wolfsrudel-agentur.com\/es\/wp-json\/wp\/v2\/comments?post=7"}],"version-history":[{"count":17,"href":"https:\/\/ribas.wolfsrudel-agentur.com\/es\/wp-json\/wp\/v2\/pages\/7\/revisions"}],"predecessor-version":[{"id":1336,"href":"https:\/\/ribas.wolfsrudel-agentur.com\/es\/wp-json\/wp\/v2\/pages\/7\/revisions\/1336"}],"wp:attachment":[{"href":"https:\/\/ribas.wolfsrudel-agentur.com\/es\/wp-json\/wp\/v2\/media?parent=7"}],"curies":[{"name":"wp","href":"https:\/\/api.w.org\/{rel}","templated":true}]}}