{"id":69,"date":"2025-07-04T10:48:57","date_gmt":"2025-07-04T08:48:57","guid":{"rendered":"https:\/\/ribas.wolfsrudel-agentur.com\/?page_id=69"},"modified":"2026-03-23T14:29:46","modified_gmt":"2026-03-23T13:29:46","slug":"kanzlei","status":"publish","type":"page","link":"https:\/\/ribas.wolfsrudel-agentur.com\/es\/kanzlei\/","title":{"rendered":"Bufete de abogados"},"content":{"rendered":"<div data-elementor-type=\"wp-page\" data-elementor-id=\"69\" class=\"elementor elementor-69\" data-elementor-post-type=\"page\">\n\t\t\t\t<div class=\"elementor-element elementor-element-c9f7fcc e-flex e-con-boxed e-con e-parent\" data-id=\"c9f7fcc\" data-element_type=\"container\" data-e-type=\"container\" data-settings=\"{&quot;background_background&quot;:&quot;classic&quot;}\">\n\t\t\t\t\t<div class=\"e-con-inner\">\n\t\t\t\t<div class=\"elementor-element elementor-element-2483a0f animated-slow elementor-invisible elementor-widget elementor-widget-heading\" data-id=\"2483a0f\" data-element_type=\"widget\" data-e-type=\"widget\" data-settings=\"{&quot;_animation&quot;:&quot;fadeInUp&quot;}\" data-widget_type=\"heading.default\">\n\t\t\t\t<div class=\"elementor-widget-container\">\n\t\t\t\t\t<h4 class=\"elementor-heading-title elementor-size-default\">RB-Abogados Karlsruhe<\/h4>\t\t\t\t<\/div>\n\t\t\t\t<\/div>\n\t\t\t\t<div class=\"elementor-element elementor-element-36d4309 animated-slow elementor-invisible elementor-widget elementor-widget-heading\" data-id=\"36d4309\" data-element_type=\"widget\" data-e-type=\"widget\" data-settings=\"{&quot;_animation&quot;:&quot;fadeInUp&quot;,&quot;_animation_delay&quot;:200}\" data-widget_type=\"heading.default\">\n\t\t\t\t<div class=\"elementor-widget-container\">\n\t\t\t\t\t<h1 class=\"elementor-heading-title elementor-size-default\">Die Kanzlei Ribas Brutschy<\/br> Abogados stellt sich vor<\/h1>\t\t\t\t<\/div>\n\t\t\t\t<\/div>\n\t\t\t\t\t<\/div>\n\t\t\t\t<\/div>\n\t\t<div class=\"elementor-element elementor-element-0193963 e-flex e-con-boxed e-con e-parent\" data-id=\"0193963\" data-element_type=\"container\" data-e-type=\"container\">\n\t\t\t\t\t<div class=\"e-con-inner\">\n\t\t<div class=\"elementor-element elementor-element-85fb834 e-con-full e-flex e-con e-child\" data-id=\"85fb834\" data-element_type=\"container\" data-e-type=\"container\" data-settings=\"{&quot;background_background&quot;:&quot;classic&quot;}\">\n\t\t<div class=\"elementor-element elementor-element-8b508e3 e-flex e-con-boxed e-con e-child\" data-id=\"8b508e3\" data-element_type=\"container\" data-e-type=\"container\">\n\t\t\t\t\t<div class=\"e-con-inner\">\n\t\t\t\t<div class=\"elementor-element elementor-element-b266124 elementor-widget-tablet__width-initial elementor-widget elementor-widget-heading\" data-id=\"b266124\" data-element_type=\"widget\" data-e-type=\"widget\" data-widget_type=\"heading.default\">\n\t\t\t\t<div class=\"elementor-widget-container\">\n\t\t\t\t\t<h2 class=\"elementor-heading-title elementor-size-default\">01<\/h2>\t\t\t\t<\/div>\n\t\t\t\t<\/div>\n\t\t<div class=\"elementor-element elementor-element-6e434c6 e-con-full e-flex e-con e-child\" data-id=\"6e434c6\" data-element_type=\"container\" data-e-type=\"container\">\n\t\t\t\t<div class=\"elementor-element elementor-element-477ef0f elementor-widget elementor-widget-heading\" data-id=\"477ef0f\" data-element_type=\"widget\" data-e-type=\"widget\" data-widget_type=\"heading.default\">\n\t\t\t\t<div class=\"elementor-widget-container\">\n\t\t\t\t\t<h2 class=\"elementor-heading-title elementor-size-default\">\u00dcber uns<\/h2>\t\t\t\t<\/div>\n\t\t\t\t<\/div>\n\t\t\t\t<div class=\"elementor-element elementor-element-ca9f1e1 elementor-widget elementor-widget-text-editor\" data-id=\"ca9f1e1\" data-element_type=\"widget\" data-e-type=\"widget\" data-widget_type=\"text-editor.default\">\n\t\t\t\t<div class=\"elementor-widget-container\">\n\t\t\t\t\t\t\t\t\t<p data-start=\"947\" data-end=\"1167\">Die Kanzlei RB Abogados steht f\u00fcr fundierte Rechtsberatung in einem internationalen Kontext.<br data-start=\"1049\" data-end=\"1052\" \/>Wir verbinden juristische Expertise mit einem tiefen Verst\u00e4ndnis f\u00fcr wirtschaftliche und pers\u00f6nliche Zusammenh\u00e4nge.<\/p><p data-start=\"1169\" data-end=\"1438\">Unser Fokus liegt insbesondere auf deutsch-spanischen Sachverhalten sowie auf europ\u00e4ischen und internationalen Rechtsfragen.<br data-start=\"1293\" data-end=\"1296\" \/>Durch unsere interdisziplin\u00e4re Arbeitsweise und ein starkes Netzwerk an Partnern k\u00f6nnen wir unsere Mandanten umfassend und effizient betreuen.<\/p><p data-start=\"1440\" data-end=\"1602\">Wir beraten sowohl Unternehmen als auch Privatpersonen individuell und zielgerichtet \u2013 stets mit dem Anspruch, praktikable und nachhaltige L\u00f6sungen zu entwickeln.<\/p>\t\t\t\t\t\t\t\t<\/div>\n\t\t\t\t<\/div>\n\t\t\t\t<\/div>\n\t\t\t\t\t<\/div>\n\t\t\t\t<\/div>\n\t\t\t\t<\/div>\n\t\t\t\t\t<\/div>\n\t\t\t\t<\/div>\n\t\t<div class=\"elementor-element elementor-element-10a28d1 e-flex e-con-boxed e-con e-parent\" data-id=\"10a28d1\" data-element_type=\"container\" data-e-type=\"container\">\n\t\t\t\t\t<div class=\"e-con-inner\">\n\t\t<div class=\"elementor-element elementor-element-75ec37c e-con-full e-flex e-con e-child\" data-id=\"75ec37c\" data-element_type=\"container\" data-e-type=\"container\" data-settings=\"{&quot;background_background&quot;:&quot;classic&quot;}\">\n\t\t<div class=\"elementor-element elementor-element-06d7773 e-flex e-con-boxed e-con e-child\" data-id=\"06d7773\" data-element_type=\"container\" data-e-type=\"container\">\n\t\t\t\t\t<div class=\"e-con-inner\">\n\t\t\t\t<div class=\"elementor-element elementor-element-b6166f1 elementor-widget-tablet__width-initial elementor-widget elementor-widget-heading\" data-id=\"b6166f1\" data-element_type=\"widget\" data-e-type=\"widget\" data-widget_type=\"heading.default\">\n\t\t\t\t<div class=\"elementor-widget-container\">\n\t\t\t\t\t<h2 class=\"elementor-heading-title elementor-size-default\">02<\/h2>\t\t\t\t<\/div>\n\t\t\t\t<\/div>\n\t\t<div class=\"elementor-element elementor-element-10f0521 e-con-full e-flex e-con e-child\" data-id=\"10f0521\" data-element_type=\"container\" data-e-type=\"container\">\n\t\t\t\t<div class=\"elementor-element elementor-element-8965002 elementor-widget elementor-widget-heading\" data-id=\"8965002\" data-element_type=\"widget\" data-e-type=\"widget\" data-widget_type=\"heading.default\">\n\t\t\t\t<div class=\"elementor-widget-container\">\n\t\t\t\t\t<h2 class=\"elementor-heading-title elementor-size-default\">Unsere Arbeitsweise<\/h2>\t\t\t\t<\/div>\n\t\t\t\t<\/div>\n\t\t\t\t<div class=\"elementor-element elementor-element-1af62eb elementor-widget elementor-widget-text-editor\" data-id=\"1af62eb\" data-element_type=\"widget\" data-e-type=\"widget\" data-widget_type=\"text-editor.default\">\n\t\t\t\t<div class=\"elementor-widget-container\">\n\t\t\t\t\t\t\t\t\t<p data-start=\"1679\" data-end=\"1787\">Unsere Beratung ist strukturiert, transparent und auf Ihre individuellen Bed\u00fcrfnisse ausgerichtet.<\/p><p data-start=\"1789\" data-end=\"2000\">Wir legen gro\u00dfen Wert auf eine klare Kommunikation und eine enge Zusammenarbeit mit unseren Mandanten.<br data-start=\"1891\" data-end=\"1894\" \/>Dabei begleiten wir Sie von der ersten Einsch\u00e4tzung bis zur finalen Umsetzung \u2013 zuverl\u00e4ssig und effizient.<\/p><p data-start=\"2002\" data-end=\"2285\">Grenz\u00fcberschreitende Mandate bearbeiten wir direkt \u00fcber unseren Standort in Deutschland in enger Abstimmung mit unseren internationalen Partnern.<br data-start=\"2147\" data-end=\"2150\" \/>Unser Ziel ist es, rechtliche Risiken fr\u00fchzeitig zu erkennen, Konflikte zu vermeiden und wirtschaftlich sinnvolle L\u00f6sungen zu schaffen.<\/p>\t\t\t\t\t\t\t\t<\/div>\n\t\t\t\t<\/div>\n\t\t\t\t<\/div>\n\t\t\t\t\t<\/div>\n\t\t\t\t<\/div>\n\t\t\t\t<\/div>\n\t\t\t\t\t<\/div>\n\t\t\t\t<\/div>\n\t\t<div class=\"elementor-element elementor-element-2b1ff89 e-flex e-con-boxed e-con e-parent\" data-id=\"2b1ff89\" data-element_type=\"container\" data-e-type=\"container\">\n\t\t\t\t\t<div class=\"e-con-inner\">\n\t\t<div class=\"elementor-element elementor-element-7ff07b5 e-con-full e-flex e-con e-child\" data-id=\"7ff07b5\" data-element_type=\"container\" data-e-type=\"container\" data-settings=\"{&quot;background_background&quot;:&quot;classic&quot;}\">\n\t\t<div class=\"elementor-element elementor-element-c24b917 e-flex e-con-boxed e-con e-child\" data-id=\"c24b917\" data-element_type=\"container\" data-e-type=\"container\">\n\t\t\t\t\t<div class=\"e-con-inner\">\n\t\t\t\t<div class=\"elementor-element elementor-element-26184d2 elementor-widget-tablet__width-initial elementor-widget elementor-widget-heading\" data-id=\"26184d2\" data-element_type=\"widget\" data-e-type=\"widget\" data-widget_type=\"heading.default\">\n\t\t\t\t<div class=\"elementor-widget-container\">\n\t\t\t\t\t<h2 class=\"elementor-heading-title elementor-size-default\">03<\/h2>\t\t\t\t<\/div>\n\t\t\t\t<\/div>\n\t\t<div class=\"elementor-element elementor-element-4411292 e-con-full e-flex e-con e-child\" data-id=\"4411292\" data-element_type=\"container\" data-e-type=\"container\">\n\t\t\t\t<div class=\"elementor-element elementor-element-ed989b5 elementor-widget elementor-widget-heading\" data-id=\"ed989b5\" data-element_type=\"widget\" data-e-type=\"widget\" data-widget_type=\"heading.default\">\n\t\t\t\t<div class=\"elementor-widget-container\">\n\t\t\t\t\t<h2 class=\"elementor-heading-title elementor-size-default\">HONORARE<\/h2>\t\t\t\t<\/div>\n\t\t\t\t<\/div>\n\t\t\t\t<div class=\"elementor-element elementor-element-a2bd8de elementor-widget elementor-widget-text-editor\" data-id=\"a2bd8de\" data-element_type=\"widget\" data-e-type=\"widget\" data-widget_type=\"text-editor.default\">\n\t\t\t\t<div class=\"elementor-widget-container\">\n\t\t\t\t\t\t\t\t\t<p data-start=\"3361\" data-end=\"3429\">Transparenz bei den Kosten ist f\u00fcr uns selbstverst\u00e4ndlich.<\/p><p data-start=\"3431\" data-end=\"3716\">Vor Beginn unserer T\u00e4tigkeit erhalten Sie eine klare Einsch\u00e4tzung der zu erwartenden Kosten.<br data-start=\"3523\" data-end=\"3526\" \/>Unsere Verg\u00fctung richtet sich in der Regel nach dem zeitlichen Aufwand und liegt \u00fcblicherweise zwischen <strong data-start=\"3630\" data-end=\"3664\">250 EUR und 350 EUR pro Stunde<\/strong> zuz\u00fcglich Auslagen und gesetzlicher Mehrwertsteuer.<\/p><p data-start=\"3718\" data-end=\"3910\">In gerichtlichen Verfahren erfolgt die Abrechnung nach den gesetzlichen Vorschriften des Rechtsanwaltsverg\u00fctungsgesetzes (RVG), sofern keine individuelle Verg\u00fctungsvereinbarung getroffen wird.<\/p><p data-start=\"3912\" data-end=\"3985\">Wir legen gro\u00dfen Wert auf eine faire und nachvollziehbare Kostenstruktur.<\/p>\t\t\t\t\t\t\t\t<\/div>\n\t\t\t\t<\/div>\n\t\t\t\t<\/div>\n\t\t\t\t\t<\/div>\n\t\t\t\t<\/div>\n\t\t\t\t<\/div>\n\t\t\t\t\t<\/div>\n\t\t\t\t<\/div>\n\t\t<div class=\"elementor-element elementor-element-b578ad5 e-flex e-con-boxed e-con e-parent\" data-id=\"b578ad5\" data-element_type=\"container\" data-e-type=\"container\">\n\t\t\t\t\t<div class=\"e-con-inner\">\n\t\t<div class=\"elementor-element elementor-element-70dd4dd e-con-full e-flex e-con e-child\" data-id=\"70dd4dd\" data-element_type=\"container\" data-e-type=\"container\" data-settings=\"{&quot;background_background&quot;:&quot;classic&quot;}\">\n\t\t<div class=\"elementor-element elementor-element-9e1e2ab e-flex e-con-boxed e-con e-child\" data-id=\"9e1e2ab\" data-element_type=\"container\" data-e-type=\"container\">\n\t\t\t\t\t<div class=\"e-con-inner\">\n\t\t\t\t<div class=\"elementor-element elementor-element-aec5410 elementor-widget-tablet__width-initial elementor-widget elementor-widget-heading\" data-id=\"aec5410\" data-element_type=\"widget\" data-e-type=\"widget\" data-widget_type=\"heading.default\">\n\t\t\t\t<div class=\"elementor-widget-container\">\n\t\t\t\t\t<h2 class=\"elementor-heading-title elementor-size-default\">04<\/h2>\t\t\t\t<\/div>\n\t\t\t\t<\/div>\n\t\t<div class=\"elementor-element elementor-element-508876a e-con-full e-flex e-con e-child\" data-id=\"508876a\" data-element_type=\"container\" data-e-type=\"container\">\n\t\t\t\t<div class=\"elementor-element elementor-element-332d531 elementor-widget elementor-widget-heading\" data-id=\"332d531\" data-element_type=\"widget\" data-e-type=\"widget\" data-widget_type=\"heading.default\">\n\t\t\t\t<div class=\"elementor-widget-container\">\n\t\t\t\t\t<h2 class=\"elementor-heading-title elementor-size-default\">KORRESPONDENZSPRACHEN<\/h2>\t\t\t\t<\/div>\n\t\t\t\t<\/div>\n\t\t\t\t<div class=\"elementor-element elementor-element-b123001 elementor-widget elementor-widget-text-editor\" data-id=\"b123001\" data-element_type=\"widget\" data-e-type=\"widget\" data-widget_type=\"text-editor.default\">\n\t\t\t\t<div class=\"elementor-widget-container\">\n\t\t\t\t\t\t\t\t\t<p data-start=\"3089\" data-end=\"3226\">Wir beraten und kommunizieren mit Ihnen in mehreren Sprachen, um eine reibungslose und pr\u00e4zise Zusammenarbeit zu gew\u00e4hrleisten.<\/p><p data-start=\"3228\" data-end=\"3252\"><strong data-start=\"3228\" data-end=\"3252\">List \/ badges style:<\/strong><\/p><ul data-start=\"3253\" data-end=\"3306\"><li data-section-id=\"1io8x0w\" data-start=\"3253\" data-end=\"3264\"><p data-start=\"3255\" data-end=\"3264\">Alem\u00e1n<\/p><\/li><li data-section-id=\"fg4nkl\" data-start=\"3265\" data-end=\"3277\"><p data-start=\"3267\" data-end=\"3277\">Espa\u00f1ol<\/p><\/li><li data-section-id=\"12xafh5\" data-start=\"3278\" data-end=\"3290\"><p data-start=\"3280\" data-end=\"3290\">Englisch<\/p><\/li><li data-section-id=\"1id8m4l\" data-start=\"3291\" data-end=\"3306\"><p data-start=\"3293\" data-end=\"3306\">Katalanisch<\/p><\/li><\/ul>\t\t\t\t\t\t\t\t<\/div>\n\t\t\t\t<\/div>\n\t\t\t\t<\/div>\n\t\t\t\t\t<\/div>\n\t\t\t\t<\/div>\n\t\t\t\t<\/div>\n\t\t\t\t\t<\/div>\n\t\t\t\t<\/div>\n\t\t\t\t<\/div>","protected":false},"excerpt":{"rendered":"<p>RB-Abogados Karlsruhe Die Kanzlei Ribas Brutschy Abogados stellt sich vor 01 \u00dcber uns Die Kanzlei RB Abogados steht f\u00fcr fundierte Rechtsberatung in einem internationalen Kontext.Wir verbinden juristische Expertise mit einem tiefen Verst\u00e4ndnis f\u00fcr wirtschaftliche und pers\u00f6nliche Zusammenh\u00e4nge. Unser Fokus liegt insbesondere auf deutsch-spanischen Sachverhalten sowie auf europ\u00e4ischen und internationalen Rechtsfragen.Durch unsere interdisziplin\u00e4re Arbeitsweise und ein [&hellip;]<\/p>\n","protected":false},"author":1,"featured_media":0,"parent":0,"menu_order":0,"comment_status":"closed","ping_status":"closed","template":"","meta":{"_acf_changed":false,"footnotes":""},"class_list":["post-69","page","type-page","status-publish","hentry"],"acf":[],"_links":{"self":[{"href":"https:\/\/ribas.wolfsrudel-agentur.com\/es\/wp-json\/wp\/v2\/pages\/69","targetHints":{"allow":["GET"]}}],"collection":[{"href":"https:\/\/ribas.wolfsrudel-agentur.com\/es\/wp-json\/wp\/v2\/pages"}],"about":[{"href":"https:\/\/ribas.wolfsrudel-agentur.com\/es\/wp-json\/wp\/v2\/types\/page"}],"author":[{"embeddable":true,"href":"https:\/\/ribas.wolfsrudel-agentur.com\/es\/wp-json\/wp\/v2\/users\/1"}],"replies":[{"embeddable":true,"href":"https:\/\/ribas.wolfsrudel-agentur.com\/es\/wp-json\/wp\/v2\/comments?post=69"}],"version-history":[{"count":88,"href":"https:\/\/ribas.wolfsrudel-agentur.com\/es\/wp-json\/wp\/v2\/pages\/69\/revisions"}],"predecessor-version":[{"id":2524,"href":"https:\/\/ribas.wolfsrudel-agentur.com\/es\/wp-json\/wp\/v2\/pages\/69\/revisions\/2524"}],"wp:attachment":[{"href":"https:\/\/ribas.wolfsrudel-agentur.com\/es\/wp-json\/wp\/v2\/media?parent=69"}],"curies":[{"name":"wp","href":"https:\/\/api.w.org\/{rel}","templated":true}]}}